{"id":171,"date":"2025-08-13T15:04:55","date_gmt":"2025-08-13T13:04:55","guid":{"rendered":"https:\/\/digll.informatik.uni-giessen.de\/reflektieren\/?page_id=171"},"modified":"2025-08-13T15:17:07","modified_gmt":"2025-08-13T13:17:07","slug":"der-gebildete-laie","status":"publish","type":"page","link":"https:\/\/digll.informatik.uni-giessen.de\/reflektieren\/der-gebildete-laie\/","title":{"rendered":"Der gebildete Laie"},"content":{"rendered":"\n<p>\n        In einer zunehmend komplexen Welt werden viele Entscheidungen nicht mehr von Einzelpersonen getroffen, sondern an Fachleute delegiert. Expertinnen und Experten liefern Analysen, beraten und geben Empfehlungen ab, sei es in der Politik, in der Wissenschaft oder im privaten Leben. Dennoch bleibt es die Aufgabe der m\u00fcndigen B\u00fcrgerin und des m\u00fcndigen B\u00fcrgers, diese Expertisen zu bewerten und auf ihrer Grundlage informierte Entscheidungen zu treffen. Dabei geht es nicht darum, selbst zur Expertin oder zum Experten in jedem Fachgebiet zu werden, sondern vielmehr darum, mit Fachleuten kommunizieren und ihre Aussagen reflektiert beurteilen zu k\u00f6nnen. Dies erfordert zweierlei: Zum einen ein grundlegendes Verst\u00e4ndnis der jeweiligen Disziplin, um \u00fcberhaupt eine sachliche Diskussion f\u00fchren zu k\u00f6nnen, und zum anderen Reflexionswissen, um Expertenmeinungen kritisch einordnen und gegeneinander abw\u00e4gen zu k\u00f6nnen.\n      <\/p>\n\n\n\n<p>In <em>Fischer (2001)<\/em> wird folgender Vergleich gezogen: Der m\u00fcndige B\u00fcrger \u2014 Fischer spricht vom <em>gebildeten Laien<\/em> \u2014 \u00fcbernimmt oft eine Rolle, die der eines Richters \u00e4hnelt. Er wird mit verschiedenen, teils widerspr\u00fcchlichen Expertenaussagen konfrontiert und muss sich auf dieser Basis eine eigene Meinung bilden. W\u00e4hrend die Expertinnen und Experten \u00fcber spezialisierte Fachkenntnisse und operative Kompetenzen verf\u00fcgen, verbindet der gebildete Laie ein solides Grundwissen mit der F\u00e4higkeit zur Reflexion \u2014 eine Voraussetzung, um sowohl im \u00f6ffentlichen als auch im privaten Leben fundierte Entscheidungen treffen zu k\u00f6nnen.<\/p>\n\n\n<div class=\"wp-block-image\">\n<figure class=\"aligncenter size-large is-resized\"><img decoding=\"async\" src=\"https:\/\/digll.informatik.uni-giessen.de\/reflektieren\/wp-content\/uploads\/2025\/08\/pic-reflexion.png\" alt=\"\" style=\"width:441px;height:auto\"\/><\/figure>\n<\/div>\n\n\n<p>Wir unterteilen im Folgenden in die drei Kompetenzbereiche:<\/p>\n\n\n\n<div class=\"wp-block-group\"><div class=\"wp-block-group__inner-container is-layout-constrained wp-block-group-is-layout-constrained\">\n<figure class=\"wp-block-table\"><table class=\"has-fixed-layout\"><thead><tr><th class=\"has-text-align-left\" data-align=\"left\">Kompetenzbereich<\/th><th>Beispiel \u201eVerschl\u00fcsselung\u201c<\/th><\/tr><\/thead><tbody><tr><td class=\"has-text-align-left\" data-align=\"left\" colspan=\"2\"><strong>Informatisches Grundwissen<\/strong><\/td><\/tr><tr><td class=\"has-text-align-left\" data-align=\"left\">Modelle, Konzepte, Darstellungsformen, Begriffe, \u2026<\/td><td>Modelle der symmetrischen und asymmetrischen Verschl\u00fcsselung beschreiben k\u00f6nnen<\/td><\/tr><tr><td class=\"has-text-align-left\" data-align=\"left\"><\/td><td><\/td><\/tr><tr><td class=\"has-text-align-left\" data-align=\"left\" colspan=\"2\"><strong>Informatisch-operative Kompetenzen<\/strong><\/td><\/tr><tr><td class=\"has-text-align-left\" data-align=\"left\">T\u00e4tigkeiten der konkreten Anwendung und Entwicklung neuen Wissens<\/td><td>Konkrete Algorithmen zur symmetrischen und asymmetrischen Verschl\u00fcsselung implementieren k\u00f6nnen<\/td><\/tr><tr><td class=\"has-text-align-left\" data-align=\"left\"><\/td><td><\/td><\/tr><tr><td class=\"has-text-align-left\" data-align=\"left\"><strong>Fachspezifische Reflexionskompetenzen<\/strong><\/td><td><\/td><\/tr><tr><td class=\"has-text-align-left\" data-align=\"left\">Analyse und Bewertung von Informationen, ethische und gesellschaftliche Bewertung, Selbstreflexion, Risikobewertung und Entscheidungsfindung<\/td><td>Wie unterscheidet sich asymmetrische von symmetrischer Verschl\u00fcsselung in Bezug auf Sicherheit und Effizienz? Welche Rolle spielen Zertifizierungsstellen (Certificate Authorities) bei der Vertrauensbildung in asymmetrische Verschl\u00fcsselungssysteme? Welche ethischen Fragen ergeben sich durch den Einsatz starker Verschl\u00fcsselung in Bezug auf staatliche \u00dcberwachung und Kriminalit\u00e4tsbek\u00e4mpfung? Sollte es Regierungen erlaubt sein, Hintert\u00fcren in Verschl\u00fcsselungssysteme einzubauen? Welche Konsequenzen h\u00e4tte dies f\u00fcr B\u00fcrgerrechte? Warum setzen Banken und Online-Shops asymmetrische Verschl\u00fcsselungssysteme ein?Welche Schwachstellen gibt es im E-Commerce?<br>            <\/td><\/tr><\/tbody><\/table><\/figure>\n<\/div><\/div>\n","protected":false},"excerpt":{"rendered":"<p>In einer zunehmend komplexen Welt werden viele Entscheidungen nicht mehr von Einzelpersonen getroffen, sondern an Fachleute delegiert. Expertinnen und Experten liefern Analysen, beraten und geben Empfehlungen ab, sei es in der Politik, in der Wissenschaft oder im privaten Leben. Dennoch bleibt es die Aufgabe der m\u00fcndigen B\u00fcrgerin und des m\u00fcndigen B\u00fcrgers, diese Expertisen zu bewerten&#8230; <\/p>\n","protected":false},"author":2,"featured_media":0,"parent":0,"menu_order":0,"comment_status":"closed","ping_status":"closed","template":"","meta":{"footnotes":""},"class_list":["post-171","page","type-page","status-publish","hentry"],"_links":{"self":[{"href":"https:\/\/digll.informatik.uni-giessen.de\/reflektieren\/wp-json\/wp\/v2\/pages\/171","targetHints":{"allow":["GET"]}}],"collection":[{"href":"https:\/\/digll.informatik.uni-giessen.de\/reflektieren\/wp-json\/wp\/v2\/pages"}],"about":[{"href":"https:\/\/digll.informatik.uni-giessen.de\/reflektieren\/wp-json\/wp\/v2\/types\/page"}],"author":[{"embeddable":true,"href":"https:\/\/digll.informatik.uni-giessen.de\/reflektieren\/wp-json\/wp\/v2\/users\/2"}],"replies":[{"embeddable":true,"href":"https:\/\/digll.informatik.uni-giessen.de\/reflektieren\/wp-json\/wp\/v2\/comments?post=171"}],"version-history":[{"count":7,"href":"https:\/\/digll.informatik.uni-giessen.de\/reflektieren\/wp-json\/wp\/v2\/pages\/171\/revisions"}],"predecessor-version":[{"id":179,"href":"https:\/\/digll.informatik.uni-giessen.de\/reflektieren\/wp-json\/wp\/v2\/pages\/171\/revisions\/179"}],"wp:attachment":[{"href":"https:\/\/digll.informatik.uni-giessen.de\/reflektieren\/wp-json\/wp\/v2\/media?parent=171"}],"curies":[{"name":"wp","href":"https:\/\/api.w.org\/{rel}","templated":true}]}}